{"id":3743,"date":"2015-01-29T10:09:31","date_gmt":"2015-01-29T09:09:31","guid":{"rendered":"http:\/\/fabioc.it\/chezmoi\/?page_id=3743"},"modified":"2015-05-08T13:52:22","modified_gmt":"2015-05-08T11:52:22","slug":"bavaresi","status":"publish","type":"page","link":"https:\/\/fabioc.it\/chezmoi\/bavaresi","title":{"rendered":"Bavaresi"},"content":{"rendered":"<p>Il <strong>bavarese<\/strong> \u00e8 un budino. Si possono fare piccoli budini monoporzione o grandi budini da\u00a0sporzionare in seguito, senz&#8217;altro pi\u00f9 scenici. Se ne pu\u00f2 fare una torta appoggiando il budino su una base di pasta frolla o simile. Ecco che si parla di <strong>torta bavarese<\/strong>.<\/p>\n<p>La ricetta di ogni bavarese si assomiglia nella parte iniziale che consiste in una crema inglese, fatta cio\u00e8 con tuorli d&#8217;uovo, zucchero e latte, a cui viene incorporata panna montata e colla di pesce.<\/p>\n<p>Da qui in poi il bavarese pu\u00f2 essere caratterizzato dai pi\u00f9 vari ingredienti e si possono cos\u00ec fare bavaresi al caff\u00e8, alla vaniglia, alla frutta, al cioccolato, ecc. ecc.<\/p>\n<h2>La mia lista di bavaresi:<\/h2>\n<ul>\n<li><a title=\"Bavarese ai frutti di bosco\" href=\"http:\/\/fabioc.it\/chezmoi\/bavarese-ai-frutti-di-bosco\">Bavarese ai frutti di bosco<\/a><\/li>\n<li><a title=\"Bavarese al cioccolato bianco\" href=\"http:\/\/fabioc.it\/chezmoi\/bavarese-al-cioccolato-bianco\">Bavarese al cioccolato bianco<\/a><\/li>\n<li><a title=\"Bavarese all\u2019arancia\" href=\"http:\/\/fabioc.it\/chezmoi\/bavarese-allarancia\">Bavarese all&#8217;arancia<\/a><\/li>\n<li><a title=\"Bavarese alla vaniglia con lamponi\" href=\"http:\/\/fabioc.it\/chezmoi\/bavarese-alla-vaniglia-con-lamponi\">Bavarese alla vaniglia con lamponi<\/a><\/li>\n<li><a title=\"Bavarese allo yogurt con coulis di mango\" href=\"http:\/\/fabioc.it\/chezmoi\/bavarese-allo-yogurt-con-coulis-di-mango\">Bavarese allo yogurt con coulis di mango<\/a><\/li>\n<li><a title=\"Bavarese allo yogurt con frutti di bosco\" href=\"http:\/\/fabioc.it\/chezmoi\/bavarese-allo-yogurt-con-frutti-di-bosco\">Bavarese allo yogurt con frutti di bosco<\/a><\/li>\n<\/ul>\n","protected":false},"excerpt":{"rendered":"<p>Il bavarese \u00e8 un budino. Si possono fare piccoli budini monoporzione o grandi budini da\u00a0sporzionare in seguito, senz&#8217;altro pi\u00f9 scenici. Se ne pu\u00f2 fare una torta appoggiando il budino su una base di pasta frolla o simile. Ecco che si parla di torta bavarese. La ricetta di ogni bavarese si assomiglia nella parte iniziale che&#8230;<\/p>\n<p><a class=\"more\" href=\"https:\/\/fabioc.it\/chezmoi\/bavaresi\"> Continua &rarr;<\/a><\/p>\n","protected":false},"author":1,"featured_media":350,"parent":0,"menu_order":2,"comment_status":"open","ping_status":"closed","template":"","meta":[],"_links":{"self":[{"href":"https:\/\/fabioc.it\/chezmoi\/wp-json\/wp\/v2\/pages\/3743"}],"collection":[{"href":"https:\/\/fabioc.it\/chezmoi\/wp-json\/wp\/v2\/pages"}],"about":[{"href":"https:\/\/fabioc.it\/chezmoi\/wp-json\/wp\/v2\/types\/page"}],"author":[{"embeddable":true,"href":"https:\/\/fabioc.it\/chezmoi\/wp-json\/wp\/v2\/users\/1"}],"replies":[{"embeddable":true,"href":"https:\/\/fabioc.it\/chezmoi\/wp-json\/wp\/v2\/comments?post=3743"}],"version-history":[{"count":3,"href":"https:\/\/fabioc.it\/chezmoi\/wp-json\/wp\/v2\/pages\/3743\/revisions"}],"predecessor-version":[{"id":4068,"href":"https:\/\/fabioc.it\/chezmoi\/wp-json\/wp\/v2\/pages\/3743\/revisions\/4068"}],"wp:featuredmedia":[{"embeddable":true,"href":"https:\/\/fabioc.it\/chezmoi\/wp-json\/wp\/v2\/media\/350"}],"wp:attachment":[{"href":"https:\/\/fabioc.it\/chezmoi\/wp-json\/wp\/v2\/media?parent=3743"}],"curies":[{"name":"wp","href":"https:\/\/api.w.org\/{rel}","templated":true}]}}